{"id":193,"date":"2025-10-16T15:24:40","date_gmt":"2025-10-16T08:24:40","guid":{"rendered":"https:\/\/carlinkitstore.vn\/?post_type=product&#038;p=193"},"modified":"2026-04-13T14:31:08","modified_gmt":"2026-04-13T07:31:08","slug":"android-box-o-to-carlinkit-tbox-ambient-gia-re","status":"publish","type":"product","link":"https:\/\/carlinkitstore.vn\/index.php\/san-pham\/android-box-o-to-carlinkit-tbox-ambient-gia-re\/","title":{"rendered":"Android Box \u00f4 t\u00f4 Carlinkit Tbox Ambient gi\u00e1 r\u1ebb"},"content":{"rendered":"<h2>M\u00f4 t\u1ea3<\/h2>\n<div>Android Box \u00f4 t\u00f4 Carlinkit Tbox Ambient QCM6225 l\u00e0 phi\u00ean b\u1ea3n n\u00e2ng c\u1ea5p c\u1ee7a Tbox Plus v\u1edbi ph\u1ea7n \u0111\u00e8n Led trang tr\u00ed \u0111\u1eb9p m\u1eaft.<\/div>\n<div>Tr\u00ean phi\u00ean b\u1ea3n Ambient ch\u00fang ta s\u1ebd v\u1eabn c\u00f3 nh\u1eefng \u0111i\u1ec3m nh\u1ea5n c\u01a1 b\u1ea3n nh\u01b0 s\u1ea3n ph\u1ea9m \u0111\u01b0\u1ee3c trang b\u1ecb H\u0110H Android 13, h\u1ed7 tr\u1ee3 k\u1ebft n\u1ed1i Carplay v\u00e0 Android Auto kh\u00f4ng d\u00e2y<\/div>\n<div><img loading=\"lazy\" decoding=\"async\" class=\"alignnone wp-image-2094 size-full\" title=\"Android Box \u00f4 t\u00f4 Carlinkit Tbox Ambient 2\" src=\"https:\/\/cartech.vn\/wp-content\/uploads\/2025\/03\/dai-dien-3.png\" sizes=\"auto, (max-width: 1280px) 100vw, 1280px\" srcset=\"https:\/\/cartech.vn\/wp-content\/uploads\/2025\/03\/dai-dien-3.png 1280w, https:\/\/cartech.vn\/wp-content\/uploads\/2025\/03\/dai-dien-3-300x94.png 300w, https:\/\/cartech.vn\/wp-content\/uploads\/2025\/03\/dai-dien-3-1024x320.png 1024w, https:\/\/cartech.vn\/wp-content\/uploads\/2025\/03\/dai-dien-3-768x240.png 768w, https:\/\/cartech.vn\/wp-content\/uploads\/2025\/03\/dai-dien-3-600x188.png 600w\" alt=\"dai dien 3\" width=\"1280\" height=\"400\" \/><\/div>\n<div><img loading=\"lazy\" decoding=\"async\" class=\"alignnone wp-image-2097 size-full\" title=\"Android Box \u00f4 t\u00f4 Carlinkit Tbox Ambient 3\" src=\"https:\/\/cartech.vn\/wp-content\/uploads\/2025\/03\/dai-dien-2-1.png\" sizes=\"auto, (max-width: 1436px) 100vw, 1436px\" srcset=\"https:\/\/cartech.vn\/wp-content\/uploads\/2025\/03\/dai-dien-2-1.png 1436w, https:\/\/cartech.vn\/wp-content\/uploads\/2025\/03\/dai-dien-2-1-300x109.png 300w, https:\/\/cartech.vn\/wp-content\/uploads\/2025\/03\/dai-dien-2-1-1024x372.png 1024w, https:\/\/cartech.vn\/wp-content\/uploads\/2025\/03\/dai-dien-2-1-768x279.png 768w, https:\/\/cartech.vn\/wp-content\/uploads\/2025\/03\/dai-dien-2-1-600x218.png 600w\" alt=\"dai dien 2 1\" width=\"1436\" height=\"522\" \/><\/div>\n<div><img loading=\"lazy\" decoding=\"async\" class=\"alignnone wp-image-2098 size-full\" title=\"Android Box \u00f4 t\u00f4 Carlinkit Tbox Ambient 4\" src=\"https:\/\/cartech.vn\/wp-content\/uploads\/2025\/03\/dai-dien-3-1.png\" sizes=\"auto, (max-width: 1436px) 100vw, 1436px\" srcset=\"https:\/\/cartech.vn\/wp-content\/uploads\/2025\/03\/dai-dien-3-1.png 1436w, https:\/\/cartech.vn\/wp-content\/uploads\/2025\/03\/dai-dien-3-1-300x109.png 300w, https:\/\/cartech.vn\/wp-content\/uploads\/2025\/03\/dai-dien-3-1-1024x374.png 1024w, https:\/\/cartech.vn\/wp-content\/uploads\/2025\/03\/dai-dien-3-1-768x280.png 768w, https:\/\/cartech.vn\/wp-content\/uploads\/2025\/03\/dai-dien-3-1-600x219.png 600w\" alt=\"dai dien 3 1\" width=\"1436\" height=\"524\" \/><\/div>\n<div><img loading=\"lazy\" decoding=\"async\" class=\"alignnone wp-image-2099 size-full\" title=\"Android Box \u00f4 t\u00f4 Carlinkit Tbox Ambient 5\" src=\"https:\/\/cartech.vn\/wp-content\/uploads\/2025\/03\/dai-dien-4-1.png\" sizes=\"auto, (max-width: 1112px) 100vw, 1112px\" srcset=\"https:\/\/cartech.vn\/wp-content\/uploads\/2025\/03\/dai-dien-4-1.png 1112w, https:\/\/cartech.vn\/wp-content\/uploads\/2025\/03\/dai-dien-4-1-300x134.png 300w, https:\/\/cartech.vn\/wp-content\/uploads\/2025\/03\/dai-dien-4-1-1024x457.png 1024w, https:\/\/cartech.vn\/wp-content\/uploads\/2025\/03\/dai-dien-4-1-768x343.png 768w, https:\/\/cartech.vn\/wp-content\/uploads\/2025\/03\/dai-dien-4-1-600x268.png 600w\" alt=\"dai dien 4 1\" width=\"1112\" height=\"496\" \/><\/div>\n<div><img loading=\"lazy\" decoding=\"async\" class=\"alignnone wp-image-2100 size-full\" title=\"Android Box \u00f4 t\u00f4 Carlinkit Tbox Ambient 6\" src=\"https:\/\/cartech.vn\/wp-content\/uploads\/2025\/03\/dai-dien-5.png\" sizes=\"auto, (max-width: 1127px) 100vw, 1127px\" srcset=\"https:\/\/cartech.vn\/wp-content\/uploads\/2025\/03\/dai-dien-5.png 1127w, https:\/\/cartech.vn\/wp-content\/uploads\/2025\/03\/dai-dien-5-300x140.png 300w, https:\/\/cartech.vn\/wp-content\/uploads\/2025\/03\/dai-dien-5-1024x477.png 1024w, https:\/\/cartech.vn\/wp-content\/uploads\/2025\/03\/dai-dien-5-768x358.png 768w, https:\/\/cartech.vn\/wp-content\/uploads\/2025\/03\/dai-dien-5-600x280.png 600w\" alt=\"dai dien 5\" width=\"1127\" height=\"525\" \/><\/div>\n<div><img loading=\"lazy\" decoding=\"async\" class=\"alignnone wp-image-2101 size-full\" title=\"Android Box \u00f4 t\u00f4 Carlinkit Tbox Ambient 7\" src=\"https:\/\/cartech.vn\/wp-content\/uploads\/2025\/03\/dai-dien-6.png\" sizes=\"auto, (max-width: 1287px) 100vw, 1287px\" srcset=\"https:\/\/cartech.vn\/wp-content\/uploads\/2025\/03\/dai-dien-6.png 1287w, https:\/\/cartech.vn\/wp-content\/uploads\/2025\/03\/dai-dien-6-300x129.png 300w, https:\/\/cartech.vn\/wp-content\/uploads\/2025\/03\/dai-dien-6-1024x440.png 1024w, https:\/\/cartech.vn\/wp-content\/uploads\/2025\/03\/dai-dien-6-768x330.png 768w, https:\/\/cartech.vn\/wp-content\/uploads\/2025\/03\/dai-dien-6-600x258.png 600w\" alt=\"dai dien 6\" width=\"1287\" height=\"553\" \/><\/div>\n<div><img loading=\"lazy\" decoding=\"async\" class=\"alignnone wp-image-2102 size-full\" title=\"Android Box \u00f4 t\u00f4 Carlinkit Tbox Ambient 8\" src=\"https:\/\/cartech.vn\/wp-content\/uploads\/2025\/03\/dai-dien-7.png\" sizes=\"auto, (max-width: 1221px) 100vw, 1221px\" srcset=\"https:\/\/cartech.vn\/wp-content\/uploads\/2025\/03\/dai-dien-7.png 1221w, https:\/\/cartech.vn\/wp-content\/uploads\/2025\/03\/dai-dien-7-300x136.png 300w, https:\/\/cartech.vn\/wp-content\/uploads\/2025\/03\/dai-dien-7-1024x464.png 1024w, https:\/\/cartech.vn\/wp-content\/uploads\/2025\/03\/dai-dien-7-768x348.png 768w, https:\/\/cartech.vn\/wp-content\/uploads\/2025\/03\/dai-dien-7-600x272.png 600w\" alt=\"dai dien 7\" width=\"1221\" height=\"553\" \/><\/div>\n<div><img loading=\"lazy\" decoding=\"async\" class=\"alignnone wp-image-2103 size-full\" title=\"Android Box \u00f4 t\u00f4 Carlinkit Tbox Ambient 9\" src=\"https:\/\/cartech.vn\/wp-content\/uploads\/2025\/03\/dai-dien-8.png\" sizes=\"auto, (max-width: 1163px) 100vw, 1163px\" srcset=\"https:\/\/cartech.vn\/wp-content\/uploads\/2025\/03\/dai-dien-8.png 1163w, https:\/\/cartech.vn\/wp-content\/uploads\/2025\/03\/dai-dien-8-300x128.png 300w, https:\/\/cartech.vn\/wp-content\/uploads\/2025\/03\/dai-dien-8-1024x438.png 1024w, https:\/\/cartech.vn\/wp-content\/uploads\/2025\/03\/dai-dien-8-768x328.png 768w, https:\/\/cartech.vn\/wp-content\/uploads\/2025\/03\/dai-dien-8-600x256.png 600w\" alt=\"dai dien 8\" width=\"1163\" height=\"497\" \/><\/div>\n<div><img loading=\"lazy\" decoding=\"async\" class=\"alignnone wp-image-2104 size-full\" title=\"Android Box \u00f4 t\u00f4 Carlinkit Tbox Ambient 10\" src=\"https:\/\/cartech.vn\/wp-content\/uploads\/2025\/03\/dai-dien-9.png\" sizes=\"auto, (max-width: 1127px) 100vw, 1127px\" srcset=\"https:\/\/cartech.vn\/wp-content\/uploads\/2025\/03\/dai-dien-9.png 1127w, https:\/\/cartech.vn\/wp-content\/uploads\/2025\/03\/dai-dien-9-300x133.png 300w, https:\/\/cartech.vn\/wp-content\/uploads\/2025\/03\/dai-dien-9-1024x453.png 1024w, https:\/\/cartech.vn\/wp-content\/uploads\/2025\/03\/dai-dien-9-768x340.png 768w, https:\/\/cartech.vn\/wp-content\/uploads\/2025\/03\/dai-dien-9-600x266.png 600w\" alt=\"dai dien 9\" width=\"1127\" height=\"499\" \/><\/div>\n","protected":false},"excerpt":{"rendered":"<p>M\u00f4 t\u1ea3 Android Box \u00f4 t\u00f4 Carlinkit Tbox Ambient QCM6225 l\u00e0 phi\u00ean b\u1ea3n n\u00e2ng c\u1ea5p c\u1ee7a Tbox Plus v\u1edbi ph\u1ea7n \u0111\u00e8n Led trang tr\u00ed \u0111\u1eb9p m\u1eaft. Tr\u00ean phi\u00ean b\u1ea3n Ambient ch\u00fang ta s\u1ebd v\u1eabn c\u00f3 nh\u1eefng \u0111i\u1ec3m nh\u1ea5n c\u01a1 b\u1ea3n nh\u01b0 s\u1ea3n ph\u1ea9m \u0111\u01b0\u1ee3c trang b\u1ecb H\u0110H Android 13, h\u1ed7 tr\u1ee3 k\u1ebft n\u1ed1i Carplay v\u00e0 [&#8230;]\n","protected":false},"featured_media":194,"comment_status":"open","ping_status":"closed","template":"","meta":[],"product_brand":[],"product_cat":[15],"product_tag":[],"class_list":{"0":"post-193","1":"product","2":"type-product","3":"status-publish","4":"has-post-thumbnail","6":"product_cat-chua-phan-loai","8":"first","9":"instock","10":"taxable","11":"shipping-taxable","12":"purchasable","13":"product-type-simple"},"_links":{"self":[{"href":"https:\/\/carlinkitstore.vn\/index.php\/wp-json\/wp\/v2\/product\/193","targetHints":{"allow":["GET"]}}],"collection":[{"href":"https:\/\/carlinkitstore.vn\/index.php\/wp-json\/wp\/v2\/product"}],"about":[{"href":"https:\/\/carlinkitstore.vn\/index.php\/wp-json\/wp\/v2\/types\/product"}],"replies":[{"embeddable":true,"href":"https:\/\/carlinkitstore.vn\/index.php\/wp-json\/wp\/v2\/comments?post=193"}],"wp:featuredmedia":[{"embeddable":true,"href":"https:\/\/carlinkitstore.vn\/index.php\/wp-json\/wp\/v2\/media\/194"}],"wp:attachment":[{"href":"https:\/\/carlinkitstore.vn\/index.php\/wp-json\/wp\/v2\/media?parent=193"}],"wp:term":[{"taxonomy":"product_brand","embeddable":true,"href":"https:\/\/carlinkitstore.vn\/index.php\/wp-json\/wp\/v2\/product_brand?post=193"},{"taxonomy":"product_cat","embeddable":true,"href":"https:\/\/carlinkitstore.vn\/index.php\/wp-json\/wp\/v2\/product_cat?post=193"},{"taxonomy":"product_tag","embeddable":true,"href":"https:\/\/carlinkitstore.vn\/index.php\/wp-json\/wp\/v2\/product_tag?post=193"}],"curies":[{"name":"wp","href":"https:\/\/api.w.org\/{rel}","templated":true}]}}